{"id":2604,"date":"2020-02-18T12:13:33","date_gmt":"2020-02-18T10:13:33","guid":{"rendered":"http:\/\/automaailm.ee.klient.veebimajutus.ee\/privaatsuspoliitika\/"},"modified":"2020-02-18T12:14:07","modified_gmt":"2020-02-18T10:14:07","slug":"privacy-policy","status":"publish","type":"page","link":"https:\/\/amdev.sitewise.ee\/ru\/privacy-policy\/","title":{"rendered":"Privaatsuspoliitika (ru)"},"content":{"rendered":"\r\n<p>Salome Tartu AS-l on kohustus kaitsta klientide privaatsust ning tagada turvaline ja seaduslik andmet\u00f6\u00f6tlus. K\u00e4esolev privaatsuspoliitika annab \u00fclevaate meie tavadest, sealhulgas millist teavet me kogume, kuidas me infot kasutame v\u00f5i avalikustame, kaua me seda s\u00e4ilitame ning Teie \u00f5igustest seoses meiepoolse andmete kogumise ja kasutamisega.<\/p>\r\n\r\n\r\n\r\n\r\n\r\n<h3 class=\"wp-block-heading\">M\u00f5isted<\/h3>\r\n\r\n\r\n\r\n<p><strong>Isikuandmed<\/strong> \u2013 igasugune teave otseselt v\u00f5i kaudselt tuvastatava f\u00fc\u00fcsilise isiku kohta. <strong>Isikuandmete t\u00f6\u00f6tlemine<\/strong> \u2013 isikuandmetega igasugune tehtav toiming (sh kogumine, dokumenteerimine, korrastamine, struktureerimine, s\u00e4ilitamine, kohandamine ja muutmine, p\u00e4ringute tegemine, lugemine, kasutamine, edastamise, levitamise v\u00f5i muul moel k\u00e4ttesaadavaks tegemise teel avalikustamine, \u00fchitamine v\u00f5i \u00fchendamine, piiramine, kustutamine v\u00f5i h\u00e4vitamine).<\/p>\r\n\r\n\r\n\r\n<h3 class=\"wp-block-heading\">Milliseid isikuandmeid me kogume ja miks?<\/h3>\r\n\r\n\r\n\r\n<p>Me kogume Teie poolt sisestatud personaalseid andmeid (nimi, e-maili aadress, telefoni number, auto reg.nr. ja soovitud teenus ning vajadusel t\u00e4psem teenuse kirjeldus), kui Te t\u00e4idate meie hinnap\u00e4ringuvormi ning edastate need meile, et saada personaalset hinnapakkumist meie poolt pakutavatele teenustele. \u00dchtlasi kogume autode rentimiseks vajalikke andmeid (rendi kuup\u00e4ev ja kellaaeg, v\u00e4ljastuse ja tagastamise asukoht, rentniku ees-ja perekonnanimi, juhiloa number ja v\u00e4ljastamise kuup\u00e4ev, telefoni number, konto number ning m\u00e4rkused renditava auto kohta.)<\/p>\r\n\r\n\r\n\r\n<h3 class=\"wp-block-heading\">Mis eesm\u00e4rgil me Teie isikuandmeid t\u00f6\u00f6tleme?<\/h3>\r\n<p>Teie poolt sisestatud ning meile edastatud isikuandmeid kasutame ainult teiega kontakteerumiseks, teile personaalse hinnapakkumise koostamiseks ja edastamiseks ning autode rentimiseks vajalike lepingute koostamiseks.<\/p>\r\n<p>Salome Tartu AS ei m\u00fc\u00fc ega rendi teie isikuandmeid kolmandatele osapooltele, kuid v\u00f5ib kasutada volitatud t\u00f6\u00f6tlejaid. Volitatud t\u00f6\u00f6tlejaid rakendavad isikuandmete t\u00f6\u00f6tlemisel samu p\u00f5him\u00f5tteid, mis Salome Tartu AS.<\/p>\r\n\r\n\r\n\r\n<h3 class=\"wp-block-heading\">Andmete s\u00e4ilitamine<\/h3>\r\n\r\n\r\n\r\n<p>Teie poolt Salome Tartu AS-le edastatud isikuandmeid s\u00e4ilitatakse seni, kuni see on vajalik k\u00e4esolevas privaatsuspoliitikas m\u00e4\u00e4ratletud eesm\u00e4rkide t\u00e4itmiseks. P\u00e4rast seda isikuandmed k\u00f5rvaldatakse, v\u00e4lja arvatud siis, kui nende s\u00e4ilitamine on n\u00f5utav seaduse v\u00f5i kummagi poole \u00f5iguste v\u00f5i kohustustega.<\/p>\r\n\r\n\r\n\r\n<h3 class=\"wp-block-heading\">Turvalisus ning isikuandmete kaitse<\/h3>\r\n\r\n\r\n\r\n<p>Salome Tartu AS rakendab k\u00f5iki ettevaatusabin\u00f5usid kliendi isikuandmete kaitsmiseks.<\/p>\r\n\r\n\r\n\r\n<h3 class=\"wp-block-heading\">Kasutaja \u00f5igused<\/h3>\r\n<p>Kasutajatel on \u00f5igus teada, milliseid isiklikke andmeid me Teist hoiame. Teil on \u00f5igus selliseid andmeid parandada, muuta v\u00f5i kustutada. Kui Te soovite oma \u00f5igusi rakendada, muuta andmeid v\u00f5i neid kustutada, v\u00f5tke meiega \u00fchendust allpool m\u00e4rgitud kontaktandmete kaudu.<\/p>\r\n<h3>Kontaktandmed<\/h3>\r\n<p>Kui Teil on k\u00fcsimusi seoses privaatsuspoliitikaga, privaatsustingimuste rakendamisega v\u00f5i soovite endaga seonduvaid andmeid kustutada, siis v\u00f5tke meiega \u00fchendust e-maili aadressil <a href=\"mailto:valga@automaailm.ee\">valga@automaailm.ee<\/a><br \/><br \/><\/p>\r\n\r\n\r\n\r\n<h2 class=\"wp-block-heading\">K\u00dcPSISED<\/h2>\r\n<p>Meie koduleht kasutab \u201ek\u00fcpsisteks\u201c kutsutavaid tekstifaile, mille eesm\u00e4rk on aidata meil lehte arendada ja tagada teile parim kasutajakogemus. Teave k\u00fcpsiste kasutamise kohta autod.automaailm.ee kodulehel on kirjas allpool.<\/p>\r\n<p>Selle veebilehe omanik on Salome Tartu AS, lehek\u00fclge haldab volitatud arenduspartner. K\u00fcpsiste kasutamine v\u00f5ib t\u00e4hendada ka Isikuandmete t\u00f6\u00f6tlemist. autod.automaailm.ee kodulehe kasutamisega annate oma n\u00f5usoleku k\u00fcpsiste kasutamiseks vastavalt siinkohal toodud kirjeldusele (v\u00e4lja arvatud juhul, kui olete oma veebilehitseja seadistanud k\u00fcpsiseid mitte vastu v\u00f5tma).<\/p>\r\n<h3>Mis on \u201ck\u00fcpsised\u201d?<\/h3>\r\n<p>K\u00fcpsis (cookie) on v\u00e4ikesemahuline tekstifail, mille veebiserver saadab kasutaja veebilehitsejale ja mis salvestatakse kasutaja arvuti k\u00f5vakettale. K\u00fcpsised ei loe kasutaja arvutist informatsiooni ega saada seda ka internetiavarustesse.<\/p>\r\n<h3>K\u00fcpsiste eesm\u00e4rk<\/h3>\r\n<p>K\u00fcpsiste eesm\u00e4rgiks on pakkuda kasutajatele isikup\u00e4rasemat kasutuskogemust ja mugavamat veebilehel\/rakendusel navigeerimist. N\u00e4iteks v\u00f5imaldavad k\u00fcpsised veebilehel meelde j\u00e4tta kasutaja eelistusi (lehek\u00fclje keelsuse meelde j\u00e4tmine) vms. Enamasti kasutatakse k\u00fcpsiseid ka statistiliste andmete kogumiseks, j\u00e4lgides kasutajate eelistusi veebilehtede k\u00fclastamisel. Et kasutaja saaks otsustada, kas ta k\u00fcpsised lubab v\u00f5i keelab, on lehek\u00fclgede omanikud kohustatud veebilehel\/rakendusel esitama selge ja arusaadava teabe lehel kasutatavate k\u00fcpsiste ja nende kasutamise eesm\u00e4rkide kohta.<\/p>\r\n<h2>KUIDAS KASUTAB K\u00dcPSISEID AUTOD.AUTOMAAILM.EE?<\/h2>\r\n<p>Selle veebilehe k\u00fclastamise tulemusel v\u00f5ib teie veebilehitseja salvestada k\u00fcpsiseid j\u00e4rgmistest kategooriatest:<\/p>\r\n<h3>Anal\u00fc\u00fctika:<\/h3>\r\n<p>Veebilehe k\u00fclastatavuse j\u00e4lgimiseks kasutab autod.automaailm.ee Google anal\u00fc\u00fctikatarkvara. Nimetatud tarkvara kasutab mitmeid k\u00fcpsiseid, mille abil on v\u00f5imalik teada saada, kas veebilehe k\u00fclastajad on sellel ka varem viibinud. Kui teie arvutis on anal\u00fc\u00fctikatarkvara poolt pakutavad k\u00fcpsised olemas, annab k\u00fclastaja veebilehitseja sellest meile teada. Nende puudumisel pakume neid teie veebilehitsejale. Selle abil on v\u00f5imalik teada saada \u00fcksikk\u00fclastajate arvu ning saada t\u00e4psemat k\u00fclastustatistikat. Neid k\u00fcpsiseid kasutatakse ainult statistikaeesm\u00e4rkidel ja \u00fcksikkasutajaid ei ole v\u00f5imalik nende abil tuvastada. K\u00fclastajate isikuandmeid Google\u2019ile ei edastata.<\/p>\r\n<h3>Muud k\u00fcpsised:<\/h3>\r\n<p>autod.automaailm.ee lehele on lisatud kolmandate osapoolte sisu, nagu n\u00e4iteks Google kaart. Selle tarbeks kasutab kolmas osapool omakorda mitmeid k\u00fcpsiseid, et j\u00e4lgida enda teenuste kasutamist.<\/p>\r\n\r\n\r\n\r\n<h3 class=\"wp-block-heading\">K\u00fcpsiste kasutamise piiramine v\u00f5i t\u00e4ielik loobumine:<\/h3>\r\n<p>Enamasti on v\u00f5imalik l\u00f5petada k\u00fcpsiste kasutamine v\u00f5i blokeerida m\u00f5nelt konkreetselt veebilehelt k\u00fcpsiste vastuv\u00f5tmist. K\u00f5ik t\u00e4nap\u00e4evased veebilehitsejad v\u00f5imaldavad k\u00fcpsistega seonduvate seadistuste muutmist. Allpool on toodud viited, mis aitavad erinevates veebilehitsejates k\u00fcpsistega seonduvaid seadeid muuta. K\u00f5ikide k\u00fcpsiste blokeerimine v\u00f5ib tekitada probleeme lehek\u00fclje kuvatavuses.<\/p>\r\n<p><strong>Internet Explorer:<\/strong> <a href=\"http:\/\/support.microsoft.com\/kb\/278835\">http:\/\/support.microsoft.com\/kb\/278835<\/a> ja <a href=\"https:\/\/support.microsoft.com\/et-ee\/help\/17442\/windows-internet-explorer-delete-manage-cookies\">https:\/\/support.microsoft.com\/et-ee\/help\/17442\/windows-internet-explorer-delete-manage-cookies<\/a><br \/><strong>Crome:<\/strong> <a href=\"https:\/\/support.google.com\/chrome\/answer\/95647?hl=et\">https:\/\/support.google.com\/chrome\/answer\/95647?hl=et<\/a><br \/><strong>Firefox:<\/strong> <a href=\"https:\/\/support.mozilla.org\/et\/kb\/cookies-information-websites-store-on-your-computer?redirectlocale=en-US&amp;redirectslug=Cookies\">https:\/\/support.mozilla.org\/et\/kb\/cookies-information-websites-store-on-your-computer?redirectlocale=en-US&amp;redirectslug=Cookies<\/a><br \/><strong>Opera:<\/strong> <a href=\"http:\/\/help.opera.com\/opera\/Windows\/2393\/en\/controlPages.html#manageCookies\">http:\/\/help.opera.com\/opera\/Windows\/2393\/en\/controlPages.html#manageCookies<\/a><br \/><strong>Safari:<\/strong> <a href=\"http:\/\/support.apple.com\/kb\/PH5042\">http:\/\/support.apple.com\/kb\/PH5042<\/a><br \/><strong>iOS:<\/strong> <a href=\"https:\/\/support.apple.com\/et-ee\/HT201265\">https:\/\/support.apple.com\/et-ee\/HT201265<\/a><\/p>\r\n","protected":false},"excerpt":{"rendered":"<p>Salome Tartu AS-l on kohustus kaitsta klientide privaatsust ning tagada turvaline ja seaduslik andmet\u00f6\u00f6tlus. K\u00e4esolev privaatsuspoliitika annab \u00fclevaate&#8230;<\/p>\n","protected":false},"author":1,"featured_media":0,"parent":0,"menu_order":0,"comment_status":"closed","ping_status":"open","template":"template-tingimused.php","meta":[],"yoast_head":"<!-- This site is optimized with the Yoast SEO plugin v20.10 - https:\/\/yoast.com\/wordpress\/plugins\/seo\/ -->\n<title>Privaatsuspoliitika (ru) | autod.automaailm.ee<\/title>\n<meta name=\"robots\" content=\"noindex, follow, max-snippet:-1, max-image-preview:large, max-video-preview:-1\" \/>\n<meta property=\"og:locale\" content=\"ru_RU\" \/>\n<meta property=\"og:type\" content=\"article\" \/>\n<meta property=\"og:title\" content=\"Privaatsuspoliitika (ru) | autod.automaailm.ee\" \/>\n<meta property=\"og:description\" content=\"Salome Tartu AS-l on kohustus kaitsta klientide privaatsust ning tagada turvaline ja seaduslik andmet\u00f6\u00f6tlus. K\u00e4esolev privaatsuspoliitika annab \u00fclevaate...\" \/>\n<meta property=\"og:url\" content=\"https:\/\/amdev.sitewise.ee\/privaatsuspoliitika\/\" \/>\n<meta property=\"og:site_name\" content=\"autod.automaailm.ee\" \/>\n<meta property=\"article:publisher\" content=\"https:\/\/www.facebook.com\/tautomaailm\/\" \/>\n<meta property=\"article:modified_time\" content=\"2020-02-18T10:14:07+00:00\" \/>\n<meta name=\"twitter:card\" content=\"summary_large_image\" \/>\n<meta name=\"twitter:label1\" content=\"\u041f\u0440\u0438\u043c\u0435\u0440\u043d\u043e\u0435 \u0432\u0440\u0435\u043c\u044f \u0434\u043b\u044f \u0447\u0442\u0435\u043d\u0438\u044f\" \/>\n\t<meta name=\"twitter:data1\" content=\"4 \u043c\u0438\u043d\u0443\u0442\u044b\" \/>\n<script type=\"application\/ld+json\" class=\"yoast-schema-graph\">{\"@context\":\"https:\/\/schema.org\",\"@graph\":[{\"@type\":\"WebPage\",\"@id\":\"https:\/\/amdev.sitewise.ee\/privaatsuspoliitika\/\",\"url\":\"https:\/\/amdev.sitewise.ee\/privaatsuspoliitika\/\",\"name\":\"Privaatsuspoliitika (ru) | autod.automaailm.ee\",\"isPartOf\":{\"@id\":\"https:\/\/amdev.sitewise.ee\/#website\"},\"datePublished\":\"2020-02-18T10:13:33+00:00\",\"dateModified\":\"2020-02-18T10:14:07+00:00\",\"breadcrumb\":{\"@id\":\"https:\/\/amdev.sitewise.ee\/privaatsuspoliitika\/#breadcrumb\"},\"inLanguage\":\"ru-RU\",\"potentialAction\":[{\"@type\":\"ReadAction\",\"target\":[\"https:\/\/amdev.sitewise.ee\/privaatsuspoliitika\/\"]}]},{\"@type\":\"BreadcrumbList\",\"@id\":\"https:\/\/amdev.sitewise.ee\/privaatsuspoliitika\/#breadcrumb\",\"itemListElement\":[{\"@type\":\"ListItem\",\"position\":1,\"name\":\"Avaleht\",\"item\":\"https:\/\/amdev.sitewise.ee\/\"},{\"@type\":\"ListItem\",\"position\":2,\"name\":\"Privaatsuspoliitika (ru)\"}]},{\"@type\":\"WebSite\",\"@id\":\"https:\/\/amdev.sitewise.ee\/#website\",\"url\":\"https:\/\/amdev.sitewise.ee\/\",\"name\":\"autod.automaailm.ee\",\"description\":\"Autorent Valgas, Tartus, V\u00f5rus ja Kuressaares\",\"publisher\":{\"@id\":\"https:\/\/amdev.sitewise.ee\/#organization\"},\"potentialAction\":[{\"@type\":\"SearchAction\",\"target\":{\"@type\":\"EntryPoint\",\"urlTemplate\":\"https:\/\/amdev.sitewise.ee\/?s={search_term_string}\"},\"query-input\":\"required name=search_term_string\"}],\"inLanguage\":\"ru-RU\"},{\"@type\":\"Organization\",\"@id\":\"https:\/\/amdev.sitewise.ee\/#organization\",\"name\":\"Salome Tartu AS\",\"url\":\"https:\/\/amdev.sitewise.ee\/\",\"logo\":{\"@type\":\"ImageObject\",\"inLanguage\":\"ru-RU\",\"@id\":\"https:\/\/amdev.sitewise.ee\/#\/schema\/logo\/image\/\",\"url\":\"https:\/\/amdev.sitewise.ee\/wp-content\/uploads\/2019\/09\/automaailm_logo_mail.png\",\"contentUrl\":\"https:\/\/amdev.sitewise.ee\/wp-content\/uploads\/2019\/09\/automaailm_logo_mail.png\",\"width\":600,\"height\":100,\"caption\":\"Salome Tartu AS\"},\"image\":{\"@id\":\"https:\/\/amdev.sitewise.ee\/#\/schema\/logo\/image\/\"},\"sameAs\":[\"https:\/\/www.facebook.com\/tautomaailm\/\"]}]}<\/script>\n<!-- \/ Yoast SEO plugin. -->","yoast_head_json":{"title":"Privaatsuspoliitika (ru) | autod.automaailm.ee","robots":{"index":"noindex","follow":"follow","max-snippet":"max-snippet:-1","max-image-preview":"max-image-preview:large","max-video-preview":"max-video-preview:-1"},"og_locale":"ru_RU","og_type":"article","og_title":"Privaatsuspoliitika (ru) | autod.automaailm.ee","og_description":"Salome Tartu AS-l on kohustus kaitsta klientide privaatsust ning tagada turvaline ja seaduslik andmet\u00f6\u00f6tlus. K\u00e4esolev privaatsuspoliitika annab \u00fclevaate...","og_url":"https:\/\/amdev.sitewise.ee\/privaatsuspoliitika\/","og_site_name":"autod.automaailm.ee","article_publisher":"https:\/\/www.facebook.com\/tautomaailm\/","article_modified_time":"2020-02-18T10:14:07+00:00","twitter_card":"summary_large_image","twitter_misc":{"\u041f\u0440\u0438\u043c\u0435\u0440\u043d\u043e\u0435 \u0432\u0440\u0435\u043c\u044f \u0434\u043b\u044f \u0447\u0442\u0435\u043d\u0438\u044f":"4 \u043c\u0438\u043d\u0443\u0442\u044b"},"schema":{"@context":"https:\/\/schema.org","@graph":[{"@type":"WebPage","@id":"https:\/\/amdev.sitewise.ee\/privaatsuspoliitika\/","url":"https:\/\/amdev.sitewise.ee\/privaatsuspoliitika\/","name":"Privaatsuspoliitika (ru) | autod.automaailm.ee","isPartOf":{"@id":"https:\/\/amdev.sitewise.ee\/#website"},"datePublished":"2020-02-18T10:13:33+00:00","dateModified":"2020-02-18T10:14:07+00:00","breadcrumb":{"@id":"https:\/\/amdev.sitewise.ee\/privaatsuspoliitika\/#breadcrumb"},"inLanguage":"ru-RU","potentialAction":[{"@type":"ReadAction","target":["https:\/\/amdev.sitewise.ee\/privaatsuspoliitika\/"]}]},{"@type":"BreadcrumbList","@id":"https:\/\/amdev.sitewise.ee\/privaatsuspoliitika\/#breadcrumb","itemListElement":[{"@type":"ListItem","position":1,"name":"Avaleht","item":"https:\/\/amdev.sitewise.ee\/"},{"@type":"ListItem","position":2,"name":"Privaatsuspoliitika (ru)"}]},{"@type":"WebSite","@id":"https:\/\/amdev.sitewise.ee\/#website","url":"https:\/\/amdev.sitewise.ee\/","name":"autod.automaailm.ee","description":"Autorent Valgas, Tartus, V\u00f5rus ja Kuressaares","publisher":{"@id":"https:\/\/amdev.sitewise.ee\/#organization"},"potentialAction":[{"@type":"SearchAction","target":{"@type":"EntryPoint","urlTemplate":"https:\/\/amdev.sitewise.ee\/?s={search_term_string}"},"query-input":"required name=search_term_string"}],"inLanguage":"ru-RU"},{"@type":"Organization","@id":"https:\/\/amdev.sitewise.ee\/#organization","name":"Salome Tartu AS","url":"https:\/\/amdev.sitewise.ee\/","logo":{"@type":"ImageObject","inLanguage":"ru-RU","@id":"https:\/\/amdev.sitewise.ee\/#\/schema\/logo\/image\/","url":"https:\/\/amdev.sitewise.ee\/wp-content\/uploads\/2019\/09\/automaailm_logo_mail.png","contentUrl":"https:\/\/amdev.sitewise.ee\/wp-content\/uploads\/2019\/09\/automaailm_logo_mail.png","width":600,"height":100,"caption":"Salome Tartu AS"},"image":{"@id":"https:\/\/amdev.sitewise.ee\/#\/schema\/logo\/image\/"},"sameAs":["https:\/\/www.facebook.com\/tautomaailm\/"]}]}},"_links":{"self":[{"href":"https:\/\/amdev.sitewise.ee\/ru\/wp-json\/wp\/v2\/pages\/2604"}],"collection":[{"href":"https:\/\/amdev.sitewise.ee\/ru\/wp-json\/wp\/v2\/pages"}],"about":[{"href":"https:\/\/amdev.sitewise.ee\/ru\/wp-json\/wp\/v2\/types\/page"}],"author":[{"embeddable":true,"href":"https:\/\/amdev.sitewise.ee\/ru\/wp-json\/wp\/v2\/users\/1"}],"replies":[{"embeddable":true,"href":"https:\/\/amdev.sitewise.ee\/ru\/wp-json\/wp\/v2\/comments?post=2604"}],"version-history":[{"count":2,"href":"https:\/\/amdev.sitewise.ee\/ru\/wp-json\/wp\/v2\/pages\/2604\/revisions"}],"predecessor-version":[{"id":2606,"href":"https:\/\/amdev.sitewise.ee\/ru\/wp-json\/wp\/v2\/pages\/2604\/revisions\/2606"}],"wp:attachment":[{"href":"https:\/\/amdev.sitewise.ee\/ru\/wp-json\/wp\/v2\/media?parent=2604"}],"curies":[{"name":"wp","href":"https:\/\/api.w.org\/{rel}","templated":true}]}}